{"id":1867,"date":"2026-04-04T22:11:37","date_gmt":"2026-04-04T20:11:37","guid":{"rendered":"https:\/\/www.team-aaa.com\/boutique\/?post_type=product&#038;p=1867"},"modified":"2026-04-05T21:30:31","modified_gmt":"2026-04-05T19:30:31","slug":"casquette-baseball-des-25-ans-aaa","status":"publish","type":"product","link":"https:\/\/www.team-aaa.com\/boutique\/produit\/casquette-baseball-des-25-ans-aaa\/","title":{"rendered":"Casquette baseball des 25 ans *aAa*"},"content":{"rendered":"<p>La casquette des 25 ans de *aAa* vous prot\u00e8gera du soleil et des d\u00e9faites. Brod\u00e9e en France, la qualit\u00e9 est au rendez-vous.<\/p>\n<h2><em><strong>Caract\u00e9ristiques :<\/strong><\/em><\/h2>\n<p>Tissu souple en 100% coton (190 g\/m\u00b2)<br \/>\nFermeture r\u00e9glable par velcro<br \/>\nTour de t\u00eate de 52 \u00e0 58cm, profondeur 10,5cm<br \/>\n<strong>Brod\u00e9e en France<\/strong><\/p>\n<p>La casquette a \u00e9t\u00e9 cr\u00e9\u00e9e par l&#8217;aAarmy et mise en sc\u00e8ne par IA.<\/p>\n","protected":false},"excerpt":{"rendered":"[av_heading heading='Edition collector!' tag='h2' style='' size='' subheading_active='' subheading_size='15' padding='10' color='custom-color-heading' custom_font='#ef0e0e' admin_preview_bg=''][\/av_heading]\n<h5>[av_font_icon icon='ue8a8' font='entypo-fontello' style='' caption='' link='' linktarget='' size='30px' position='left' color='' admin_preview_bg=''][\/av_font_icon]<span style=\"color: #ff0000;\">Disponible en pr\u00e9commande uniquement jusqu&#8217;au 30 avril. Apr\u00e8s, c&#8217;est fini.<\/span><\/h5>\n<p><strong>Les commandes seront effectu\u00e9es apr\u00e8s la date du 30 avril. En prenant en compte le temps de production de nos partenaires, les ponts du mois de mai et les temps de transport, la livraison est estim\u00e9e pour deuxi\u00e8me partie du mois de juin.<\/strong><\/p>\n","protected":false},"featured_media":1869,"comment_status":"closed","ping_status":"closed","template":"","meta":{"sfsi_plus_gutenberg_text_before_share":"","sfsi_plus_gutenberg_show_text_before_share":"","sfsi_plus_gutenberg_icon_type":"","sfsi_plus_gutenberg_icon_alignemt":"","sfsi_plus_gutenburg_max_per_row":""},"product_cat":[19,77],"product_tag":[],"yoast_head":"<!-- This site is optimized with the Yoast SEO plugin v20.2.1 - https:\/\/yoast.com\/wordpress\/plugins\/seo\/ -->\n<title>Casquette baseball des 25 ans *aAa* - *aAa* Shop<\/title>\n<meta name=\"description\" content=\"Retrouvez la casquette des 25 ans de *aAa* sur la boutique officielle.\" \/>\n<meta name=\"robots\" content=\"index, follow, max-snippet:-1, max-image-preview:large, max-video-preview:-1\" \/>\n<link rel=\"canonical\" href=\"https:\/\/www.team-aaa.com\/boutique\/produit\/casquette-baseball-des-25-ans-aaa\/\" \/>\n<meta property=\"og:locale\" content=\"fr_FR\" \/>\n<meta property=\"og:type\" content=\"article\" \/>\n<meta property=\"og:title\" content=\"Casquette baseball des 25 ans *aAa* - *aAa* Shop\" \/>\n<meta property=\"og:description\" content=\"Retrouvez la casquette des 25 ans de *aAa* sur la boutique officielle.\" \/>\n<meta property=\"og:url\" content=\"https:\/\/www.team-aaa.com\/boutique\/produit\/casquette-baseball-des-25-ans-aaa\/\" \/>\n<meta property=\"og:site_name\" content=\"*aAa* Shop\" \/>\n<meta property=\"article:publisher\" content=\"https:\/\/www.facebook.com\/team\" \/>\n<meta property=\"article:modified_time\" content=\"2026-04-05T19:30:31+00:00\" \/>\n<meta property=\"og:image\" content=\"https:\/\/www.team-aaa.com\/boutique\/wp-content\/uploads\/2026\/04\/casquette_aaa-1024x1030.png\" \/>\n\t<meta property=\"og:image:width\" content=\"1024\" \/>\n\t<meta property=\"og:image:height\" content=\"1030\" \/>\n\t<meta property=\"og:image:type\" content=\"image\/png\" \/>\n<meta name=\"twitter:card\" content=\"summary_large_image\" \/>\n<meta name=\"twitter:site\" content=\"@aAaGaming\" \/>\n<meta name=\"twitter:label1\" content=\"Dur\u00e9e de lecture estim\u00e9e\" \/>\n\t<meta name=\"twitter:data1\" content=\"1 minute\" \/>\n<script type=\"application\/ld+json\" class=\"yoast-schema-graph\">{\"@context\":\"https:\/\/schema.org\",\"@graph\":[{\"@type\":\"WebPage\",\"@id\":\"https:\/\/www.team-aaa.com\/boutique\/produit\/casquette-baseball-des-25-ans-aaa\/\",\"url\":\"https:\/\/www.team-aaa.com\/boutique\/produit\/casquette-baseball-des-25-ans-aaa\/\",\"name\":\"Casquette baseball des 25 ans *aAa* - *aAa* Shop\",\"isPartOf\":{\"@id\":\"https:\/\/www.team-aaa.com\/boutique\/#website\"},\"datePublished\":\"2026-04-04T20:11:37+00:00\",\"dateModified\":\"2026-04-05T19:30:31+00:00\",\"description\":\"Retrouvez la casquette des 25 ans de *aAa* sur la boutique officielle.\",\"breadcrumb\":{\"@id\":\"https:\/\/www.team-aaa.com\/boutique\/produit\/casquette-baseball-des-25-ans-aaa\/#breadcrumb\"},\"inLanguage\":\"fr-FR\",\"potentialAction\":[{\"@type\":\"ReadAction\",\"target\":[\"https:\/\/www.team-aaa.com\/boutique\/produit\/casquette-baseball-des-25-ans-aaa\/\"]}]},{\"@type\":\"BreadcrumbList\",\"@id\":\"https:\/\/www.team-aaa.com\/boutique\/produit\/casquette-baseball-des-25-ans-aaa\/#breadcrumb\",\"itemListElement\":[{\"@type\":\"ListItem\",\"position\":1,\"name\":\"Accueil\",\"item\":\"https:\/\/www.team-aaa.com\/boutique\/\"},{\"@type\":\"ListItem\",\"position\":2,\"name\":\"Rayons\",\"item\":\"https:\/\/www.team-aaa.com\/boutique\/aaa-boutique\/rayons\/\"},{\"@type\":\"ListItem\",\"position\":3,\"name\":\"Les 25 ans de *aAa*\",\"item\":\"https:\/\/www.team-aaa.com\/boutique\/categorie-produit\/les-25-ans-de-aaa\/\"},{\"@type\":\"ListItem\",\"position\":4,\"name\":\"Casquette baseball des 25 ans *aAa*\"}]},{\"@type\":\"WebSite\",\"@id\":\"https:\/\/www.team-aaa.com\/boutique\/#website\",\"url\":\"https:\/\/www.team-aaa.com\/boutique\/\",\"name\":\"*aAa* Shop\",\"description\":\"Boutique officielle aAa Gaming- *aAa* : against All authority\",\"publisher\":{\"@id\":\"https:\/\/www.team-aaa.com\/boutique\/#organization\"},\"potentialAction\":[{\"@type\":\"SearchAction\",\"target\":{\"@type\":\"EntryPoint\",\"urlTemplate\":\"https:\/\/www.team-aaa.com\/boutique\/?s={search_term_string}\"},\"query-input\":\"required name=search_term_string\"}],\"inLanguage\":\"fr-FR\"},{\"@type\":\"Organization\",\"@id\":\"https:\/\/www.team-aaa.com\/boutique\/#organization\",\"name\":\"aAa Gaming\",\"url\":\"https:\/\/www.team-aaa.com\/boutique\/\",\"logo\":{\"@type\":\"ImageObject\",\"inLanguage\":\"fr-FR\",\"@id\":\"https:\/\/www.team-aaa.com\/boutique\/#\/schema\/logo\/image\/\",\"url\":\"https:\/\/www.team-aaa.com\/boutique\/wp-content\/uploads\/2016\/04\/logo-marque-aAa-INPI.jpg\",\"contentUrl\":\"https:\/\/www.team-aaa.com\/boutique\/wp-content\/uploads\/2016\/04\/logo-marque-aAa-INPI.jpg\",\"width\":227,\"height\":227,\"caption\":\"aAa Gaming\"},\"image\":{\"@id\":\"https:\/\/www.team-aaa.com\/boutique\/#\/schema\/logo\/image\/\"},\"sameAs\":[\"https:\/\/www.facebook.com\/team\",\"https:\/\/twitter.com\/aAaGaming\",\"https:\/\/www.linkedin.com\/company\/aaa-gaming\",\"https:\/\/www.youtube.com\/user\/aAaGaming\"]}]}<\/script>\n<!-- \/ Yoast SEO plugin. -->","yoast_head_json":{"title":"Casquette baseball des 25 ans *aAa* - *aAa* Shop","description":"Retrouvez la casquette des 25 ans de *aAa* sur la boutique officielle.","robots":{"index":"index","follow":"follow","max-snippet":"max-snippet:-1","max-image-preview":"max-image-preview:large","max-video-preview":"max-video-preview:-1"},"canonical":"https:\/\/www.team-aaa.com\/boutique\/produit\/casquette-baseball-des-25-ans-aaa\/","og_locale":"fr_FR","og_type":"article","og_title":"Casquette baseball des 25 ans *aAa* - *aAa* Shop","og_description":"Retrouvez la casquette des 25 ans de *aAa* sur la boutique officielle.","og_url":"https:\/\/www.team-aaa.com\/boutique\/produit\/casquette-baseball-des-25-ans-aaa\/","og_site_name":"*aAa* Shop","article_publisher":"https:\/\/www.facebook.com\/team","article_modified_time":"2026-04-05T19:30:31+00:00","og_image":[{"width":1024,"height":1030,"url":"https:\/\/www.team-aaa.com\/boutique\/wp-content\/uploads\/2026\/04\/casquette_aaa-1024x1030.png","type":"image\/png"}],"twitter_card":"summary_large_image","twitter_site":"@aAaGaming","twitter_misc":{"Dur\u00e9e de lecture estim\u00e9e":"1 minute"},"schema":{"@context":"https:\/\/schema.org","@graph":[{"@type":"WebPage","@id":"https:\/\/www.team-aaa.com\/boutique\/produit\/casquette-baseball-des-25-ans-aaa\/","url":"https:\/\/www.team-aaa.com\/boutique\/produit\/casquette-baseball-des-25-ans-aaa\/","name":"Casquette baseball des 25 ans *aAa* - *aAa* Shop","isPartOf":{"@id":"https:\/\/www.team-aaa.com\/boutique\/#website"},"datePublished":"2026-04-04T20:11:37+00:00","dateModified":"2026-04-05T19:30:31+00:00","description":"Retrouvez la casquette des 25 ans de *aAa* sur la boutique officielle.","breadcrumb":{"@id":"https:\/\/www.team-aaa.com\/boutique\/produit\/casquette-baseball-des-25-ans-aaa\/#breadcrumb"},"inLanguage":"fr-FR","potentialAction":[{"@type":"ReadAction","target":["https:\/\/www.team-aaa.com\/boutique\/produit\/casquette-baseball-des-25-ans-aaa\/"]}]},{"@type":"BreadcrumbList","@id":"https:\/\/www.team-aaa.com\/boutique\/produit\/casquette-baseball-des-25-ans-aaa\/#breadcrumb","itemListElement":[{"@type":"ListItem","position":1,"name":"Accueil","item":"https:\/\/www.team-aaa.com\/boutique\/"},{"@type":"ListItem","position":2,"name":"Rayons","item":"https:\/\/www.team-aaa.com\/boutique\/aaa-boutique\/rayons\/"},{"@type":"ListItem","position":3,"name":"Les 25 ans de *aAa*","item":"https:\/\/www.team-aaa.com\/boutique\/categorie-produit\/les-25-ans-de-aaa\/"},{"@type":"ListItem","position":4,"name":"Casquette baseball des 25 ans *aAa*"}]},{"@type":"WebSite","@id":"https:\/\/www.team-aaa.com\/boutique\/#website","url":"https:\/\/www.team-aaa.com\/boutique\/","name":"*aAa* Shop","description":"Boutique officielle aAa Gaming- *aAa* : against All authority","publisher":{"@id":"https:\/\/www.team-aaa.com\/boutique\/#organization"},"potentialAction":[{"@type":"SearchAction","target":{"@type":"EntryPoint","urlTemplate":"https:\/\/www.team-aaa.com\/boutique\/?s={search_term_string}"},"query-input":"required name=search_term_string"}],"inLanguage":"fr-FR"},{"@type":"Organization","@id":"https:\/\/www.team-aaa.com\/boutique\/#organization","name":"aAa Gaming","url":"https:\/\/www.team-aaa.com\/boutique\/","logo":{"@type":"ImageObject","inLanguage":"fr-FR","@id":"https:\/\/www.team-aaa.com\/boutique\/#\/schema\/logo\/image\/","url":"https:\/\/www.team-aaa.com\/boutique\/wp-content\/uploads\/2016\/04\/logo-marque-aAa-INPI.jpg","contentUrl":"https:\/\/www.team-aaa.com\/boutique\/wp-content\/uploads\/2016\/04\/logo-marque-aAa-INPI.jpg","width":227,"height":227,"caption":"aAa Gaming"},"image":{"@id":"https:\/\/www.team-aaa.com\/boutique\/#\/schema\/logo\/image\/"},"sameAs":["https:\/\/www.facebook.com\/team","https:\/\/twitter.com\/aAaGaming","https:\/\/www.linkedin.com\/company\/aaa-gaming","https:\/\/www.youtube.com\/user\/aAaGaming"]}]}},"_links":{"self":[{"href":"https:\/\/www.team-aaa.com\/boutique\/wp-json\/wp\/v2\/product\/1867"}],"collection":[{"href":"https:\/\/www.team-aaa.com\/boutique\/wp-json\/wp\/v2\/product"}],"about":[{"href":"https:\/\/www.team-aaa.com\/boutique\/wp-json\/wp\/v2\/types\/product"}],"replies":[{"embeddable":true,"href":"https:\/\/www.team-aaa.com\/boutique\/wp-json\/wp\/v2\/comments?post=1867"}],"wp:featuredmedia":[{"embeddable":true,"href":"https:\/\/www.team-aaa.com\/boutique\/wp-json\/wp\/v2\/media\/1869"}],"wp:attachment":[{"href":"https:\/\/www.team-aaa.com\/boutique\/wp-json\/wp\/v2\/media?parent=1867"}],"wp:term":[{"taxonomy":"product_cat","embeddable":true,"href":"https:\/\/www.team-aaa.com\/boutique\/wp-json\/wp\/v2\/product_cat?post=1867"},{"taxonomy":"product_tag","embeddable":true,"href":"https:\/\/www.team-aaa.com\/boutique\/wp-json\/wp\/v2\/product_tag?post=1867"}],"curies":[{"name":"wp","href":"https:\/\/api.w.org\/{rel}","templated":true}]}}