{"id":1855,"date":"2026-04-04T10:29:45","date_gmt":"2026-04-04T08:29:45","guid":{"rendered":"https:\/\/www.team-aaa.com\/boutique\/?post_type=product&#038;p=1855"},"modified":"2026-04-05T08:08:44","modified_gmt":"2026-04-05T06:08:44","slug":"maillot-aaa-25-ans-avec-flocage","status":"publish","type":"product","link":"https:\/\/www.team-aaa.com\/boutique\/produit\/maillot-aaa-25-ans-avec-flocage\/","title":{"rendered":"Maillot des 25 ans *aAa*"},"content":{"rendered":"<h2><span style=\"color: #3366ff;\">Le maillot des 25 ans de *aAa* s&#8217;inspire des trois d\u00e9cennies travers\u00e9es par le club : le logo des 25 ans pour les ann\u00e9es 2020, un style esport 2.0 pour les ann\u00e9es 2010 et la premi\u00e8re Quadriforce *aAa* en fond, en filigrane, pour les ann\u00e9es 2000. Lettres *aAa* et Quadriforce sur la face avant, logo 25 ans sur la face arri\u00e8re, Quadriforce et logo 25 ans sur les \u00e9paules.<\/span><\/h2>\n<h2><strong><em><br \/>\nCaract\u00e9ristiques :<\/em><\/strong><\/h2>\n<p>Maillot esport, col en V<br \/>\n100% polyester<br \/>\nMarquage en sublimation<br \/>\nMade in Europe<\/p>\n<p><a href=\"https:\/\/www.team-aaa.com\/boutique\/guide-des-tailles\/\"><em>Guide des tailles<\/em><\/a><\/p>\n<h2><strong><em>Entretien :<\/em><\/strong><\/h2>\n<p>Lavage \u00e0 30\u00b0C.<br \/>\nNe pas s\u00e9cher en tambour. Ne pas blanchir.<br \/>\nPas de nettoyage \u00e0 sec.<br \/>\nLaver et repasser sur l&#8217;envers.<\/p>\n<p>Le maillot a \u00e9t\u00e9 cr\u00e9\u00e9 par l&#8217;aAarmy et mis en sc\u00e8ne par IA.<\/p>\n","protected":false},"excerpt":{"rendered":"[av_heading heading='Edition collector!' tag='h2' style='' size='' subheading_active='' subheading_size='15' padding='10' color='custom-color-heading' custom_font='#ef0e0e' admin_preview_bg=''][\/av_heading]\n<h5>[av_font_icon icon='ue8a8' font='entypo-fontello' style='' caption='' link='' linktarget='' size='30px' position='left' color='' admin_preview_bg=''][\/av_font_icon]<span style=\"color: #ff0000;\">Disponible en pr\u00e9commande uniquement jusqu&#8217;au 30 avril. Apr\u00e8s, c&#8217;est fini.<\/span><\/h5>\n<p><strong>Les commandes seront effectu\u00e9es apr\u00e8s la date du 30 avril. En prenant en compte le temps de production de nos partenaires, les ponts du mois de mai et les temps de transport, la livraison est estim\u00e9e pour deuxi\u00e8me partie du mois de juin.<\/strong><\/p>\n","protected":false},"featured_media":1880,"comment_status":"open","ping_status":"closed","template":"","meta":{"sfsi_plus_gutenberg_text_before_share":"","sfsi_plus_gutenberg_show_text_before_share":"","sfsi_plus_gutenberg_icon_type":"","sfsi_plus_gutenberg_icon_alignemt":"","sfsi_plus_gutenburg_max_per_row":""},"product_cat":[77],"product_tag":[],"yoast_head":"<!-- This site is optimized with the Yoast SEO plugin v20.2.1 - https:\/\/yoast.com\/wordpress\/plugins\/seo\/ -->\n<title>Maillot des 25 ans *aAa* - *aAa* Shop<\/title>\n<meta name=\"description\" content=\"D\u00e9couvrez le maillot des 25 ans de l&#039;\u00e9quipe *aAa*.\" \/>\n<meta name=\"robots\" content=\"index, follow, max-snippet:-1, max-image-preview:large, max-video-preview:-1\" \/>\n<link rel=\"canonical\" href=\"https:\/\/www.team-aaa.com\/boutique\/produit\/maillot-aaa-25-ans-avec-flocage\/\" \/>\n<meta property=\"og:locale\" content=\"fr_FR\" \/>\n<meta property=\"og:type\" content=\"article\" \/>\n<meta property=\"og:title\" content=\"Maillot des 25 ans *aAa* - *aAa* Shop\" \/>\n<meta property=\"og:description\" content=\"D\u00e9couvrez le maillot des 25 ans de l&#039;\u00e9quipe *aAa*.\" \/>\n<meta property=\"og:url\" content=\"https:\/\/www.team-aaa.com\/boutique\/produit\/maillot-aaa-25-ans-avec-flocage\/\" \/>\n<meta property=\"og:site_name\" content=\"*aAa* Shop\" \/>\n<meta property=\"article:publisher\" content=\"https:\/\/www.facebook.com\/team\" \/>\n<meta property=\"article:modified_time\" content=\"2026-04-05T06:08:44+00:00\" \/>\n<meta property=\"og:image\" content=\"https:\/\/www.team-aaa.com\/boutique\/wp-content\/uploads\/2026\/04\/aaa_AsI0K.jpg\" \/>\n\t<meta property=\"og:image:width\" content=\"850\" \/>\n\t<meta property=\"og:image:height\" content=\"1063\" \/>\n\t<meta property=\"og:image:type\" content=\"image\/jpeg\" \/>\n<meta name=\"twitter:card\" content=\"summary_large_image\" \/>\n<meta name=\"twitter:site\" content=\"@aAaGaming\" \/>\n<meta name=\"twitter:label1\" content=\"Dur\u00e9e de lecture estim\u00e9e\" \/>\n\t<meta name=\"twitter:data1\" content=\"1 minute\" \/>\n<script type=\"application\/ld+json\" class=\"yoast-schema-graph\">{\"@context\":\"https:\/\/schema.org\",\"@graph\":[{\"@type\":\"WebPage\",\"@id\":\"https:\/\/www.team-aaa.com\/boutique\/produit\/maillot-aaa-25-ans-avec-flocage\/\",\"url\":\"https:\/\/www.team-aaa.com\/boutique\/produit\/maillot-aaa-25-ans-avec-flocage\/\",\"name\":\"Maillot des 25 ans *aAa* - *aAa* Shop\",\"isPartOf\":{\"@id\":\"https:\/\/www.team-aaa.com\/boutique\/#website\"},\"datePublished\":\"2026-04-04T08:29:45+00:00\",\"dateModified\":\"2026-04-05T06:08:44+00:00\",\"description\":\"D\u00e9couvrez le maillot des 25 ans de l'\u00e9quipe *aAa*.\",\"breadcrumb\":{\"@id\":\"https:\/\/www.team-aaa.com\/boutique\/produit\/maillot-aaa-25-ans-avec-flocage\/#breadcrumb\"},\"inLanguage\":\"fr-FR\",\"potentialAction\":[{\"@type\":\"ReadAction\",\"target\":[\"https:\/\/www.team-aaa.com\/boutique\/produit\/maillot-aaa-25-ans-avec-flocage\/\"]}]},{\"@type\":\"BreadcrumbList\",\"@id\":\"https:\/\/www.team-aaa.com\/boutique\/produit\/maillot-aaa-25-ans-avec-flocage\/#breadcrumb\",\"itemListElement\":[{\"@type\":\"ListItem\",\"position\":1,\"name\":\"Accueil\",\"item\":\"https:\/\/www.team-aaa.com\/boutique\/\"},{\"@type\":\"ListItem\",\"position\":2,\"name\":\"Rayons\",\"item\":\"https:\/\/www.team-aaa.com\/boutique\/aaa-boutique\/rayons\/\"},{\"@type\":\"ListItem\",\"position\":3,\"name\":\"Les 25 ans de *aAa*\",\"item\":\"https:\/\/www.team-aaa.com\/boutique\/categorie-produit\/les-25-ans-de-aaa\/\"},{\"@type\":\"ListItem\",\"position\":4,\"name\":\"Maillot des 25 ans *aAa*\"}]},{\"@type\":\"WebSite\",\"@id\":\"https:\/\/www.team-aaa.com\/boutique\/#website\",\"url\":\"https:\/\/www.team-aaa.com\/boutique\/\",\"name\":\"*aAa* Shop\",\"description\":\"Boutique officielle aAa Gaming- *aAa* : against All authority\",\"publisher\":{\"@id\":\"https:\/\/www.team-aaa.com\/boutique\/#organization\"},\"potentialAction\":[{\"@type\":\"SearchAction\",\"target\":{\"@type\":\"EntryPoint\",\"urlTemplate\":\"https:\/\/www.team-aaa.com\/boutique\/?s={search_term_string}\"},\"query-input\":\"required name=search_term_string\"}],\"inLanguage\":\"fr-FR\"},{\"@type\":\"Organization\",\"@id\":\"https:\/\/www.team-aaa.com\/boutique\/#organization\",\"name\":\"aAa Gaming\",\"url\":\"https:\/\/www.team-aaa.com\/boutique\/\",\"logo\":{\"@type\":\"ImageObject\",\"inLanguage\":\"fr-FR\",\"@id\":\"https:\/\/www.team-aaa.com\/boutique\/#\/schema\/logo\/image\/\",\"url\":\"https:\/\/www.team-aaa.com\/boutique\/wp-content\/uploads\/2016\/04\/logo-marque-aAa-INPI.jpg\",\"contentUrl\":\"https:\/\/www.team-aaa.com\/boutique\/wp-content\/uploads\/2016\/04\/logo-marque-aAa-INPI.jpg\",\"width\":227,\"height\":227,\"caption\":\"aAa Gaming\"},\"image\":{\"@id\":\"https:\/\/www.team-aaa.com\/boutique\/#\/schema\/logo\/image\/\"},\"sameAs\":[\"https:\/\/www.facebook.com\/team\",\"https:\/\/twitter.com\/aAaGaming\",\"https:\/\/www.linkedin.com\/company\/aaa-gaming\",\"https:\/\/www.youtube.com\/user\/aAaGaming\"]}]}<\/script>\n<!-- \/ Yoast SEO plugin. -->","yoast_head_json":{"title":"Maillot des 25 ans *aAa* - *aAa* Shop","description":"D\u00e9couvrez le maillot des 25 ans de l'\u00e9quipe *aAa*.","robots":{"index":"index","follow":"follow","max-snippet":"max-snippet:-1","max-image-preview":"max-image-preview:large","max-video-preview":"max-video-preview:-1"},"canonical":"https:\/\/www.team-aaa.com\/boutique\/produit\/maillot-aaa-25-ans-avec-flocage\/","og_locale":"fr_FR","og_type":"article","og_title":"Maillot des 25 ans *aAa* - *aAa* Shop","og_description":"D\u00e9couvrez le maillot des 25 ans de l'\u00e9quipe *aAa*.","og_url":"https:\/\/www.team-aaa.com\/boutique\/produit\/maillot-aaa-25-ans-avec-flocage\/","og_site_name":"*aAa* Shop","article_publisher":"https:\/\/www.facebook.com\/team","article_modified_time":"2026-04-05T06:08:44+00:00","og_image":[{"width":850,"height":1063,"url":"https:\/\/www.team-aaa.com\/boutique\/wp-content\/uploads\/2026\/04\/aaa_AsI0K.jpg","type":"image\/jpeg"}],"twitter_card":"summary_large_image","twitter_site":"@aAaGaming","twitter_misc":{"Dur\u00e9e de lecture estim\u00e9e":"1 minute"},"schema":{"@context":"https:\/\/schema.org","@graph":[{"@type":"WebPage","@id":"https:\/\/www.team-aaa.com\/boutique\/produit\/maillot-aaa-25-ans-avec-flocage\/","url":"https:\/\/www.team-aaa.com\/boutique\/produit\/maillot-aaa-25-ans-avec-flocage\/","name":"Maillot des 25 ans *aAa* - *aAa* Shop","isPartOf":{"@id":"https:\/\/www.team-aaa.com\/boutique\/#website"},"datePublished":"2026-04-04T08:29:45+00:00","dateModified":"2026-04-05T06:08:44+00:00","description":"D\u00e9couvrez le maillot des 25 ans de l'\u00e9quipe *aAa*.","breadcrumb":{"@id":"https:\/\/www.team-aaa.com\/boutique\/produit\/maillot-aaa-25-ans-avec-flocage\/#breadcrumb"},"inLanguage":"fr-FR","potentialAction":[{"@type":"ReadAction","target":["https:\/\/www.team-aaa.com\/boutique\/produit\/maillot-aaa-25-ans-avec-flocage\/"]}]},{"@type":"BreadcrumbList","@id":"https:\/\/www.team-aaa.com\/boutique\/produit\/maillot-aaa-25-ans-avec-flocage\/#breadcrumb","itemListElement":[{"@type":"ListItem","position":1,"name":"Accueil","item":"https:\/\/www.team-aaa.com\/boutique\/"},{"@type":"ListItem","position":2,"name":"Rayons","item":"https:\/\/www.team-aaa.com\/boutique\/aaa-boutique\/rayons\/"},{"@type":"ListItem","position":3,"name":"Les 25 ans de *aAa*","item":"https:\/\/www.team-aaa.com\/boutique\/categorie-produit\/les-25-ans-de-aaa\/"},{"@type":"ListItem","position":4,"name":"Maillot des 25 ans *aAa*"}]},{"@type":"WebSite","@id":"https:\/\/www.team-aaa.com\/boutique\/#website","url":"https:\/\/www.team-aaa.com\/boutique\/","name":"*aAa* Shop","description":"Boutique officielle aAa Gaming- *aAa* : against All authority","publisher":{"@id":"https:\/\/www.team-aaa.com\/boutique\/#organization"},"potentialAction":[{"@type":"SearchAction","target":{"@type":"EntryPoint","urlTemplate":"https:\/\/www.team-aaa.com\/boutique\/?s={search_term_string}"},"query-input":"required name=search_term_string"}],"inLanguage":"fr-FR"},{"@type":"Organization","@id":"https:\/\/www.team-aaa.com\/boutique\/#organization","name":"aAa Gaming","url":"https:\/\/www.team-aaa.com\/boutique\/","logo":{"@type":"ImageObject","inLanguage":"fr-FR","@id":"https:\/\/www.team-aaa.com\/boutique\/#\/schema\/logo\/image\/","url":"https:\/\/www.team-aaa.com\/boutique\/wp-content\/uploads\/2016\/04\/logo-marque-aAa-INPI.jpg","contentUrl":"https:\/\/www.team-aaa.com\/boutique\/wp-content\/uploads\/2016\/04\/logo-marque-aAa-INPI.jpg","width":227,"height":227,"caption":"aAa Gaming"},"image":{"@id":"https:\/\/www.team-aaa.com\/boutique\/#\/schema\/logo\/image\/"},"sameAs":["https:\/\/www.facebook.com\/team","https:\/\/twitter.com\/aAaGaming","https:\/\/www.linkedin.com\/company\/aaa-gaming","https:\/\/www.youtube.com\/user\/aAaGaming"]}]}},"_links":{"self":[{"href":"https:\/\/www.team-aaa.com\/boutique\/wp-json\/wp\/v2\/product\/1855"}],"collection":[{"href":"https:\/\/www.team-aaa.com\/boutique\/wp-json\/wp\/v2\/product"}],"about":[{"href":"https:\/\/www.team-aaa.com\/boutique\/wp-json\/wp\/v2\/types\/product"}],"replies":[{"embeddable":true,"href":"https:\/\/www.team-aaa.com\/boutique\/wp-json\/wp\/v2\/comments?post=1855"}],"wp:featuredmedia":[{"embeddable":true,"href":"https:\/\/www.team-aaa.com\/boutique\/wp-json\/wp\/v2\/media\/1880"}],"wp:attachment":[{"href":"https:\/\/www.team-aaa.com\/boutique\/wp-json\/wp\/v2\/media?parent=1855"}],"wp:term":[{"taxonomy":"product_cat","embeddable":true,"href":"https:\/\/www.team-aaa.com\/boutique\/wp-json\/wp\/v2\/product_cat?post=1855"},{"taxonomy":"product_tag","embeddable":true,"href":"https:\/\/www.team-aaa.com\/boutique\/wp-json\/wp\/v2\/product_tag?post=1855"}],"curies":[{"name":"wp","href":"https:\/\/api.w.org\/{rel}","templated":true}]}}